{"id":12014,"date":"2023-03-08T12:39:46","date_gmt":"2023-03-08T17:39:46","guid":{"rendered":"https:\/\/eriecohealthohio.com\/?page_id=12014"},"modified":"2023-03-08T19:18:42","modified_gmt":"2023-03-09T00:18:42","slug":"miercoles-de-bienestar-2","status":"publish","type":"page","link":"https:\/\/eriecohealthohio.com\/es\/wednesday-wellness\/","title":{"rendered":"MI\u00c9RCOLES DE BIENESTAR"},"content":{"rendered":"<div data-elementor-type=\"wp-page\" data-elementor-id=\"12014\" class=\"elementor elementor-12014\" data-elementor-post-type=\"page\">\n\t\t\t\t\t\t<section data-particle_enable=\"false\" data-particle-mobile-disabled=\"false\" class=\"elementor-section elementor-top-section elementor-element elementor-element-4f7e96a elementor-section-boxed elementor-section-height-default elementor-section-height-default\" data-id=\"4f7e96a\" data-element_type=\"section\" data-e-type=\"section\">\n\t\t\t\t\t\t<div class=\"elementor-container elementor-column-gap-default\">\n\t\t\t\t\t<div class=\"elementor-column elementor-col-100 elementor-top-column elementor-element elementor-element-38c79ca\" data-id=\"38c79ca\" data-element_type=\"column\" data-e-type=\"column\">\n\t\t\t<div class=\"elementor-widget-wrap elementor-element-populated\">\n\t\t\t\t\t\t<div class=\"elementor-element elementor-element-cd325b8 elementor-widget elementor-widget-heading\" data-id=\"cd325b8\" data-element_type=\"widget\" data-e-type=\"widget\" data-widget_type=\"heading.default\">\n\t\t\t\t<div class=\"elementor-widget-container\">\n\t\t\t\t\t<h2 class=\"elementor-heading-title elementor-size-large\">DEPARTAMENTO DE SALUD DEL CONDADO DE ERIE - MI\u00c9RCOLES DE BIENESTAR<\/h2>\t\t\t\t<\/div>\n\t\t\t\t<\/div>\n\t\t\t\t\t<\/div>\n\t\t<\/div>\n\t\t\t\t\t<\/div>\n\t\t<\/section>\n\t\t\t\t<section data-particle_enable=\"false\" data-particle-mobile-disabled=\"false\" class=\"elementor-section elementor-top-section elementor-element elementor-element-83c759b elementor-section-boxed elementor-section-height-default elementor-section-height-default\" data-id=\"83c759b\" data-element_type=\"section\" data-e-type=\"section\">\n\t\t\t\t\t\t<div class=\"elementor-container elementor-column-gap-default\">\n\t\t\t\t\t<div class=\"elementor-column elementor-col-100 elementor-top-column elementor-element elementor-element-987ccd6\" data-id=\"987ccd6\" data-element_type=\"column\" data-e-type=\"column\">\n\t\t\t<div class=\"elementor-widget-wrap elementor-element-populated\">\n\t\t\t\t\t\t<div class=\"elementor-element elementor-element-95f9567 elementor-widget elementor-widget-text-editor\" data-id=\"95f9567\" data-element_type=\"widget\" data-e-type=\"widget\" data-widget_type=\"text-editor.default\">\n\t\t\t\t<div class=\"elementor-widget-container\">\n\t\t\t\t\t\t\t\t\t<h4>MI\u00c9RCOLES DE BIENESTAR<\/h4><p>\u00danase a nosotros el segundo mi\u00e9rcoles de cada mes a la 1:30 p.m. o 6:30 p.m. en el Sandusky REC Center para el pr\u00f3ximo Mi\u00e9rcoles de Bienestar.<\/p><p>Nuestra serie mensual de programas comunitarios GRATUITOS se centra en una variedad de temas relacionados con la salud mental y la vida, ex\u00e1menes de salud y actividades interactivas para la salud. \u00a1Traiga a un amigo!<\/p>\t\t\t\t\t\t\t\t<\/div>\n\t\t\t\t<\/div>\n\t\t\t\t\t<\/div>\n\t\t<\/div>\n\t\t\t\t\t<\/div>\n\t\t<\/section>\n\t\t\t\t<section data-particle_enable=\"false\" data-particle-mobile-disabled=\"false\" class=\"elementor-section elementor-top-section elementor-element elementor-element-f2a6886 elementor-section-boxed elementor-section-height-default elementor-section-height-default\" data-id=\"f2a6886\" data-element_type=\"section\" data-e-type=\"section\">\n\t\t\t\t\t\t<div class=\"elementor-container elementor-column-gap-default\">\n\t\t\t\t\t<div class=\"elementor-column elementor-col-100 elementor-top-column elementor-element elementor-element-dc3242a\" data-id=\"dc3242a\" data-element_type=\"column\" data-e-type=\"column\">\n\t\t\t<div class=\"elementor-widget-wrap elementor-element-populated\">\n\t\t\t\t\t\t<div class=\"elementor-element elementor-element-37342b7 elementor-widget elementor-widget-image\" data-id=\"37342b7\" data-element_type=\"widget\" data-e-type=\"widget\" data-widget_type=\"image.default\">\n\t\t\t\t<div class=\"elementor-widget-container\">\n\t\t\t\t\t\t\t\t\t\t\t\t\t\t\t<img decoding=\"async\" src=\"https:\/\/eriecohealthohio.com\/wp-content\/uploads\/2023\/03\/Wednesday-Wellness-Flyer-Ap-Ju_page-0001.jpg\" title=\"\" alt=\"Mi\u00e9rcoles-Wellness-Flyer-\" loading=\"lazy\" \/>\t\t\t\t\t\t\t\t\t\t\t\t\t\t\t<\/div>\n\t\t\t\t<\/div>\n\t\t\t\t\t<\/div>\n\t\t<\/div>\n\t\t\t\t\t<\/div>\n\t\t<\/section>\n\t\t\t\t<\/div>","protected":false},"excerpt":{"rendered":"<p>ERIE COUNTY HEALTH DEPARTMENT &#8211; WEDNESDAY WELLNESS WEDNESDAY WELLNESS Join us the second Wednesday of each month at 1:30 p.m. or 6:30 p.m. at the Sandusky REC Center for the next Wednesday Wellness. Our monthly series of FREE community programs focuses on a variety of mental health and life topics, health screening, and interactive activities [&hellip;]<\/p>\n","protected":false},"author":1,"featured_media":0,"parent":0,"menu_order":0,"comment_status":"closed","ping_status":"closed","template":"","meta":{"footnotes":"","_links_to":"","_links_to_target":""},"class_list":["post-12014","page","type-page","status-publish","hentry"],"_links":{"self":[{"href":"https:\/\/eriecohealthohio.com\/es\/wp-json\/wp\/v2\/pages\/12014","targetHints":{"allow":["GET"]}}],"collection":[{"href":"https:\/\/eriecohealthohio.com\/es\/wp-json\/wp\/v2\/pages"}],"about":[{"href":"https:\/\/eriecohealthohio.com\/es\/wp-json\/wp\/v2\/types\/page"}],"author":[{"embeddable":true,"href":"https:\/\/eriecohealthohio.com\/es\/wp-json\/wp\/v2\/users\/1"}],"replies":[{"embeddable":true,"href":"https:\/\/eriecohealthohio.com\/es\/wp-json\/wp\/v2\/comments?post=12014"}],"version-history":[{"count":0,"href":"https:\/\/eriecohealthohio.com\/es\/wp-json\/wp\/v2\/pages\/12014\/revisions"}],"wp:attachment":[{"href":"https:\/\/eriecohealthohio.com\/es\/wp-json\/wp\/v2\/media?parent=12014"}],"curies":[{"name":"wp","href":"https:\/\/api.w.org\/{rel}","templated":true}]}}