{"id":1089,"date":"2022-07-08T14:23:17","date_gmt":"2022-07-08T14:23:17","guid":{"rendered":"https:\/\/eriecohealthohio.com\/?page_id=1089"},"modified":"2024-12-12T12:10:05","modified_gmt":"2024-12-12T16:10:05","slug":"preguntas-frecuentes-sobre-enfermedades-transmisibles","status":"publish","type":"page","link":"https:\/\/eriecohealthohio.com\/es\/communicable-disease\/communicable-disease-faq\/","title":{"rendered":"PREGUNTAS FRECUENTES"},"content":{"rendered":"<div data-elementor-type=\"wp-page\" data-elementor-id=\"1089\" class=\"elementor elementor-1089\" data-elementor-post-type=\"page\">\n\t\t\t\t\t\t<section data-particle_enable=\"false\" data-particle-mobile-disabled=\"false\" class=\"elementor-section elementor-top-section elementor-element elementor-element-3a906b69 elementor-section-boxed elementor-section-height-default elementor-section-height-default\" data-id=\"3a906b69\" data-element_type=\"section\" data-e-type=\"section\">\n\t\t\t\t\t\t<div class=\"elementor-container elementor-column-gap-default\">\n\t\t\t\t\t<div class=\"elementor-column elementor-col-100 elementor-top-column elementor-element elementor-element-4c878832\" data-id=\"4c878832\" data-element_type=\"column\" data-e-type=\"column\">\n\t\t\t<div class=\"elementor-widget-wrap elementor-element-populated\">\n\t\t\t\t\t\t<div class=\"elementor-element elementor-element-4a1f01e5 elementor-widget elementor-widget-image\" data-id=\"4a1f01e5\" data-element_type=\"widget\" data-e-type=\"widget\" data-no-translation=\"\" data-widget_type=\"image.default\">\n\t\t\t\t<div class=\"elementor-widget-container\">\n\t\t\t\t\t<style>.elementor-element-4a1f01e5{display:none !important}<\/style>\t\t\t\t<\/div>\n\t\t\t\t<\/div>\n\t\t\t\t\t<\/div>\n\t\t<\/div>\n\t\t\t\t\t<\/div>\n\t\t<\/section>\n\t\t\t\t<section data-particle_enable=\"false\" data-particle-mobile-disabled=\"false\" class=\"elementor-section elementor-top-section elementor-element elementor-element-e13a21f elementor-section-boxed elementor-section-height-default elementor-section-height-default\" data-id=\"e13a21f\" data-element_type=\"section\" data-e-type=\"section\">\n\t\t\t\t\t\t<div class=\"elementor-container elementor-column-gap-default\">\n\t\t\t\t\t<div class=\"elementor-column elementor-col-100 elementor-top-column elementor-element elementor-element-66363b4\" data-id=\"66363b4\" data-element_type=\"column\" data-e-type=\"column\">\n\t\t\t<div class=\"elementor-widget-wrap elementor-element-populated\">\n\t\t\t\t\t\t<div class=\"elementor-element elementor-element-3258a7f elementor-widget elementor-widget-image\" data-id=\"3258a7f\" data-element_type=\"widget\" data-e-type=\"widget\" data-no-translation=\"\" data-widget_type=\"image.default\">\n\t\t\t\t<div class=\"elementor-widget-container\">\n\t\t\t\t\t\t\t\t\t\t\t\t\t\t\t<img fetchpriority=\"high\" decoding=\"async\" width=\"1600\" height=\"600\" src=\"https:\/\/eriecohealthohio.com\/wp-content\/uploads\/2023\/09\/Communicable-Disease-Spanish-2.png\" class=\"attachment-full size-full wp-image-15496\" alt=\"CENFERMEDAD CONTAGIOSA\" srcset=\"https:\/\/eriecohealthohio.com\/wp-content\/uploads\/2023\/09\/Communicable-Disease-Spanish-2.png 1600w, https:\/\/eriecohealthohio.com\/wp-content\/uploads\/2023\/09\/Communicable-Disease-Spanish-2-300x113.png 300w, https:\/\/eriecohealthohio.com\/wp-content\/uploads\/2023\/09\/Communicable-Disease-Spanish-2-1024x384.png 1024w, https:\/\/eriecohealthohio.com\/wp-content\/uploads\/2023\/09\/Communicable-Disease-Spanish-2-768x288.png 768w, https:\/\/eriecohealthohio.com\/wp-content\/uploads\/2023\/09\/Communicable-Disease-Spanish-2-1536x576.png 1536w, https:\/\/eriecohealthohio.com\/wp-content\/uploads\/2023\/09\/Communicable-Disease-Spanish-2-18x7.png 18w\" sizes=\"(max-width: 1600px) 100vw, 1600px\" \/>\t\t\t\t\t\t\t\t\t\t\t\t\t\t\t<\/div>\n\t\t\t\t<\/div>\n\t\t\t\t\t<\/div>\n\t\t<\/div>\n\t\t\t\t\t<\/div>\n\t\t<\/section>\n\t\t\t\t<section data-particle_enable=\"false\" data-particle-mobile-disabled=\"false\" class=\"elementor-section elementor-top-section elementor-element elementor-element-ecbc198 elementor-section-boxed elementor-section-height-default elementor-section-height-default\" data-id=\"ecbc198\" data-element_type=\"section\" data-e-type=\"section\">\n\t\t\t\t\t\t<div class=\"elementor-container elementor-column-gap-default\">\n\t\t\t\t\t<div class=\"elementor-column elementor-col-16 elementor-top-column elementor-element elementor-element-ceaafd4\" data-id=\"ceaafd4\" data-element_type=\"column\" data-e-type=\"column\">\n\t\t\t<div class=\"elementor-widget-wrap elementor-element-populated\">\n\t\t\t\t\t\t<div class=\"elementor-element elementor-element-11cadc6 elementor-align-center elementor-widget elementor-widget-button\" data-id=\"11cadc6\" data-element_type=\"widget\" data-e-type=\"widget\" data-widget_type=\"button.default\">\n\t\t\t\t<div class=\"elementor-widget-container\">\n\t\t\t\t\t\t\t\t\t<div class=\"elementor-button-wrapper\">\n\t\t\t\t\t<a class=\"elementor-button elementor-button-link elementor-size-lg\" href=\"https:\/\/eriecohealthohio.com\/es\/enfermedad-contagiosa\/preguntas-frecuentes-sobre-enfermedades-transmisibles\/\">\n\t\t\t\t\t\t<span class=\"elementor-button-content-wrapper\">\n\t\t\t\t\t\t\t\t\t<span class=\"elementor-button-text\">PREGUNTAS FRECUENTES<\/span>\n\t\t\t\t\t<\/span>\n\t\t\t\t\t<\/a>\n\t\t\t\t<\/div>\n\t\t\t\t\t\t\t\t<\/div>\n\t\t\t\t<\/div>\n\t\t\t\t\t<\/div>\n\t\t<\/div>\n\t\t\t\t<div class=\"elementor-column elementor-col-16 elementor-top-column elementor-element elementor-element-77325d5\" data-id=\"77325d5\" data-element_type=\"column\" data-e-type=\"column\">\n\t\t\t<div class=\"elementor-widget-wrap elementor-element-populated\">\n\t\t\t\t\t\t<div class=\"elementor-element elementor-element-6112d60 elementor-align-center elementor-widget elementor-widget-button\" data-id=\"6112d60\" data-element_type=\"widget\" data-e-type=\"widget\" data-widget_type=\"button.default\">\n\t\t\t\t<div class=\"elementor-widget-container\">\n\t\t\t\t\t\t\t\t\t<div class=\"elementor-button-wrapper\">\n\t\t\t\t\t<a class=\"elementor-button elementor-button-link elementor-size-lg\" href=\"https:\/\/eriecohealthohio.com\/es\/enfermedad-contagiosa\/informes-sobre-enfermedades-transmisibles\/\">\n\t\t\t\t\t\t<span class=\"elementor-button-content-wrapper\">\n\t\t\t\t\t\t\t\t\t<span class=\"elementor-button-text\">INFORME<\/span>\n\t\t\t\t\t<\/span>\n\t\t\t\t\t<\/a>\n\t\t\t\t<\/div>\n\t\t\t\t\t\t\t\t<\/div>\n\t\t\t\t<\/div>\n\t\t\t\t\t<\/div>\n\t\t<\/div>\n\t\t\t\t<div class=\"elementor-column elementor-col-16 elementor-top-column elementor-element elementor-element-7c5078d\" data-id=\"7c5078d\" data-element_type=\"column\" data-e-type=\"column\">\n\t\t\t<div class=\"elementor-widget-wrap elementor-element-populated\">\n\t\t\t\t\t\t<div class=\"elementor-element elementor-element-61f2eaf elementor-align-center elementor-widget elementor-widget-button\" data-id=\"61f2eaf\" data-element_type=\"widget\" data-e-type=\"widget\" data-widget_type=\"button.default\">\n\t\t\t\t<div class=\"elementor-widget-container\">\n\t\t\t\t\t\t\t\t\t<div class=\"elementor-button-wrapper\">\n\t\t\t\t\t<a class=\"elementor-button elementor-button-link elementor-size-lg\" href=\"https:\/\/eriecohealthohio.com\/es\/enfermedad-contagiosa\/enfermedades-transmisibles-actividad-gripal\/\">\n\t\t\t\t\t\t<span class=\"elementor-button-content-wrapper\">\n\t\t\t\t\t\t\t\t\t<span class=\"elementor-button-text\">FLU <br \/> ACTIVIDAD<\/span>\n\t\t\t\t\t<\/span>\n\t\t\t\t\t<\/a>\n\t\t\t\t<\/div>\n\t\t\t\t\t\t\t\t<\/div>\n\t\t\t\t<\/div>\n\t\t\t\t\t<\/div>\n\t\t<\/div>\n\t\t\t\t<div class=\"elementor-column elementor-col-16 elementor-top-column elementor-element elementor-element-59daca8\" data-id=\"59daca8\" data-element_type=\"column\" data-e-type=\"column\">\n\t\t\t<div class=\"elementor-widget-wrap elementor-element-populated\">\n\t\t\t\t\t\t<div class=\"elementor-element elementor-element-ae64652 elementor-align-center elementor-widget elementor-widget-button\" data-id=\"ae64652\" data-element_type=\"widget\" data-e-type=\"widget\" data-widget_type=\"button.default\">\n\t\t\t\t<div class=\"elementor-widget-container\">\n\t\t\t\t\t\t\t\t\t<div class=\"elementor-button-wrapper\">\n\t\t\t\t\t<a class=\"elementor-button elementor-button-link elementor-size-lg\" href=\"https:\/\/eriecohealthohio.com\/es\/enfermedad-contagiosa\/hojas-informativas-sobre-enfermedades-transmisibles\/\">\n\t\t\t\t\t\t<span class=\"elementor-button-content-wrapper\">\n\t\t\t\t\t\t\t\t\t<span class=\"elementor-button-text\">HECHO<br \/> HOJAS<\/span>\n\t\t\t\t\t<\/span>\n\t\t\t\t\t<\/a>\n\t\t\t\t<\/div>\n\t\t\t\t\t\t\t\t<\/div>\n\t\t\t\t<\/div>\n\t\t\t\t\t<\/div>\n\t\t<\/div>\n\t\t\t\t<div class=\"elementor-column elementor-col-16 elementor-top-column elementor-element elementor-element-07ce83e\" data-id=\"07ce83e\" data-element_type=\"column\" data-e-type=\"column\">\n\t\t\t<div class=\"elementor-widget-wrap elementor-element-populated\">\n\t\t\t\t\t\t<div class=\"elementor-element elementor-element-f6162ab elementor-align-center elementor-widget elementor-widget-button\" data-id=\"f6162ab\" data-element_type=\"widget\" data-e-type=\"widget\" data-widget_type=\"button.default\">\n\t\t\t\t<div class=\"elementor-widget-container\">\n\t\t\t\t\t\t\t\t\t<div class=\"elementor-button-wrapper\">\n\t\t\t\t\t<a class=\"elementor-button elementor-button-link elementor-size-lg\" href=\"https:\/\/eriecohealthohio.com\/es\/enfermedad-contagiosa\/recursos-sobre-enfermedades-transmisibles\/\">\n\t\t\t\t\t\t<span class=\"elementor-button-content-wrapper\">\n\t\t\t\t\t\t\t\t\t<span class=\"elementor-button-text\">RECURSOS<\/span>\n\t\t\t\t\t<\/span>\n\t\t\t\t\t<\/a>\n\t\t\t\t<\/div>\n\t\t\t\t\t\t\t\t<\/div>\n\t\t\t\t<\/div>\n\t\t\t\t\t<\/div>\n\t\t<\/div>\n\t\t\t\t<div class=\"elementor-column elementor-col-16 elementor-top-column elementor-element elementor-element-d867785\" data-id=\"d867785\" data-element_type=\"column\" data-e-type=\"column\">\n\t\t\t<div class=\"elementor-widget-wrap elementor-element-populated\">\n\t\t\t\t\t\t<div class=\"elementor-element elementor-element-b0e1a33 elementor-align-center elementor-widget elementor-widget-button\" data-id=\"b0e1a33\" data-element_type=\"widget\" data-e-type=\"widget\" data-widget_type=\"button.default\">\n\t\t\t\t<div class=\"elementor-widget-container\">\n\t\t\t\t\t\t\t\t\t<div class=\"elementor-button-wrapper\">\n\t\t\t\t\t<a class=\"elementor-button elementor-button-link elementor-size-lg\" href=\"https:\/\/eriecohealthohio.com\/es\/enfermedad-contagiosa\/contacto-con-enfermedades-transmisibles\/\">\n\t\t\t\t\t\t<span class=\"elementor-button-content-wrapper\">\n\t\t\t\t\t\t\t\t\t<span class=\"elementor-button-text\">CONTACTO<\/span>\n\t\t\t\t\t<\/span>\n\t\t\t\t\t<\/a>\n\t\t\t\t<\/div>\n\t\t\t\t\t\t\t\t<\/div>\n\t\t\t\t<\/div>\n\t\t\t\t\t<\/div>\n\t\t<\/div>\n\t\t\t\t\t<\/div>\n\t\t<\/section>\n\t\t\t\t<section data-particle_enable=\"false\" data-particle-mobile-disabled=\"false\" class=\"elementor-section elementor-top-section elementor-element elementor-element-243347ca elementor-section-boxed elementor-section-height-default elementor-section-height-default\" data-id=\"243347ca\" data-element_type=\"section\" data-e-type=\"section\">\n\t\t\t\t\t\t<div class=\"elementor-container elementor-column-gap-default\">\n\t\t\t\t\t<div class=\"elementor-column elementor-col-100 elementor-top-column elementor-element elementor-element-73430e33\" data-id=\"73430e33\" data-element_type=\"column\" data-e-type=\"column\">\n\t\t\t<div class=\"elementor-widget-wrap elementor-element-populated\">\n\t\t\t\t\t\t<div class=\"elementor-element elementor-element-5a629717 elementor-widget elementor-widget-text-editor\" data-id=\"5a629717\" data-element_type=\"widget\" data-e-type=\"widget\" data-widget_type=\"text-editor.default\">\n\t\t\t\t<div class=\"elementor-widget-container\">\n\t\t\t\t\t\t\t\t\t<h4>ENFERMEDADES TRANSMISIBLES - FAQ<\/h4><h5>\u00bfQU\u00c9 ES UNA ENFERMEDAD TRANSMISIBLE?<\/h5><p>Una enfermedad transmisible, o infecciosa, es una enfermedad que se propaga al entrar en contacto con un ser humano, un animal o el medio ambiente infectados. Las bacterias, los virus y los par\u00e1sitos son los organismos m\u00e1s comunes que causan enfermedades transmisibles en los seres humanos. Estas enfermedades pueden transmitirse de persona (o animal) a persona a trav\u00e9s del contacto directo con fluidos corporales, ingiriendo alimentos o agua contaminados, respirando aire contaminado o por la mordedura de un animal infectado.<\/p><h5>\u00bfQU\u00c9 ENFERMEDADES SE DECLARAN?<\/h5><p>En Ohio, hay m\u00e1s de 80 enfermedades diferentes que son de declaraci\u00f3n obligatoria a la sanidad p\u00fablica. Las enfermedades de declaraci\u00f3n obligatoria se clasifican en tres clases:<\/p><ul><li>Clase A: Enfermedades de gran preocupaci\u00f3n para la salud p\u00fablica debido a la gravedad de la enfermedad o al potencial de propagaci\u00f3n de la enfermedad.<\/li><li>Clase B: Enfermedad de inter\u00e9s para la salud p\u00fablica que requiere una respuesta oportuna debido al potencial de propagaci\u00f3n epid\u00e9mica.<\/li><li>Clase C: Cualquier brote, incidente inusual o epidemia de enfermedad.<\/li><\/ul><p>La lista completa de enfermedades de declaraci\u00f3n obligatoria puede consultarse aqu\u00ed: <a href=\"https:\/\/odh.ohio.gov\/know-our-programs\/infectious-disease-control-manual\/section1\/abcs-guide-to-reportable-infectious-diseases-in-ohio\" target=\"_blank\" rel=\"noopener\">Conozca su ABC: Gu\u00eda r\u00e1pida de enfermedades infecciosas de declaraci\u00f3n obligatoria en Ohio | Departamento de Salud de Ohio<\/a><\/p><h5>\u00bfQUI\u00c9N NOTIFICA LAS ENFERMEDADES TRANSMISIBLES?<\/h5><p>Seg\u00fan <a href=\"https:\/\/codes.ohio.gov\/ohio-administrative-code\/chapter-3701-3\" target=\"_blank\" rel=\"noopener\">Cap\u00edtulo 3701-3 - C\u00f3digo Administrativo de Ohio | Leyes de Ohio<\/a>Los profesionales sanitarios y los laboratorios notifican al departamento de salud local del lugar de residencia del paciente cualquier caso o sospecha de enfermedad infecciosa de declaraci\u00f3n obligatoria. Esto incluye los resultados positivos de laboratorio, as\u00ed como el diagn\u00f3stico cl\u00ednico de una enfermedad infecciosa de declaraci\u00f3n obligatoria. Toda la informaci\u00f3n notificada a la sanidad p\u00fablica es confidencial.<\/p><h5>\u00bfQU\u00c9 HACE EL DEPARTAMENTO DE SANIDAD CUANDO SE NOTIFICA UNA ENFERMEDAD?<\/h5><p>Todos los casos de enfermedades infecciosas notificables son examinados por la Oficina de Epidemiolog\u00eda y Vigilancia. Algunas enfermedades notificadas s\u00f3lo requieren la recogida de datos para las estad\u00edsticas. Otras enfermedades notificadas pueden requerir una entrevista del caso y educaci\u00f3n sobre la enfermedad notificada.<\/p><h5>\u00bfQU\u00c9 INFORMACI\u00d3N RECOPILA EL DEPARTAMENTO DE SANIDAD Y POR QU\u00c9?<\/h5><p>La informaci\u00f3n espec\u00edfica sobre la historia de la enfermedad (aparici\u00f3n de los s\u00edntomas, tratamiento, viajes recientes y actividades) es \u00fatil para la Oficina de Epidemiolog\u00eda y Vigilancia a la hora de comprender el impacto de la enfermedad en el paciente y en la comunidad. El an\u00e1lisis de la informaci\u00f3n recopilada puede ayudar a identificar los v\u00ednculos entre los brotes de enfermedad y las posibles fuentes de infecci\u00f3n. Las investigaciones de enfermedades notificables brindan a los expertos en salud p\u00fablica la oportunidad de educar a los infectados y a las personas con riesgo de enfermar sobre la transmisi\u00f3n de enfermedades y las estrategias de prevenci\u00f3n.<\/p>\t\t\t\t\t\t\t\t<\/div>\n\t\t\t\t<\/div>\n\t\t\t\t\t<\/div>\n\t\t<\/div>\n\t\t\t\t\t<\/div>\n\t\t<\/section>\n\t\t\t\t<\/div>","protected":false},"excerpt":{"rendered":"<p>FAQ REPORT FLU ACTIVITY FACT SHEETS RESOURCES CONTACT COMMUNICABLE DISEASE &#8211; FAQ WHAT IS A COMMUNICABLE DISEASE? A communicable, or infectious, disease is an illness spread by coming into contact with an infected human, animal, or environment. Bacteria, viruses, and parasites are the most common organisms that cause communicable disease in humans. These illnesses can [&hellip;]<\/p>\n","protected":false},"author":1,"featured_media":0,"parent":728,"menu_order":0,"comment_status":"closed","ping_status":"closed","template":"","meta":{"footnotes":"","_links_to":"","_links_to_target":""},"class_list":["post-1089","page","type-page","status-publish","hentry"],"_links":{"self":[{"href":"https:\/\/eriecohealthohio.com\/es\/wp-json\/wp\/v2\/pages\/1089","targetHints":{"allow":["GET"]}}],"collection":[{"href":"https:\/\/eriecohealthohio.com\/es\/wp-json\/wp\/v2\/pages"}],"about":[{"href":"https:\/\/eriecohealthohio.com\/es\/wp-json\/wp\/v2\/types\/page"}],"author":[{"embeddable":true,"href":"https:\/\/eriecohealthohio.com\/es\/wp-json\/wp\/v2\/users\/1"}],"replies":[{"embeddable":true,"href":"https:\/\/eriecohealthohio.com\/es\/wp-json\/wp\/v2\/comments?post=1089"}],"version-history":[{"count":0,"href":"https:\/\/eriecohealthohio.com\/es\/wp-json\/wp\/v2\/pages\/1089\/revisions"}],"up":[{"embeddable":true,"href":"https:\/\/eriecohealthohio.com\/es\/wp-json\/wp\/v2\/pages\/728"}],"wp:attachment":[{"href":"https:\/\/eriecohealthohio.com\/es\/wp-json\/wp\/v2\/media?parent=1089"}],"curies":[{"name":"wp","href":"https:\/\/api.w.org\/{rel}","templated":true}]}}