{"id":10500,"date":"2022-11-23T12:17:04","date_gmt":"2022-11-23T12:17:04","guid":{"rendered":"https:\/\/eriecohealthohio.com\/?page_id=10500"},"modified":"2024-08-13T14:24:24","modified_gmt":"2024-08-13T18:24:24","slug":"coalicion-de-brotes-sanos","status":"publish","type":"page","link":"https:\/\/eriecohealthohio.com\/es\/community-coalitions\/healthy-sprouts-coalition\/","title":{"rendered":"COALICI\u00d3N DE BROTES SANOS"},"content":{"rendered":"<div data-elementor-type=\"wp-page\" data-elementor-id=\"10500\" class=\"elementor elementor-10500\" data-elementor-post-type=\"page\">\n\t\t\t\t\t\t<section data-particle_enable=\"false\" data-particle-mobile-disabled=\"false\" class=\"elementor-section elementor-top-section elementor-element elementor-element-7499d882 elementor-section-boxed elementor-section-height-default elementor-section-height-default\" data-id=\"7499d882\" data-element_type=\"section\" data-e-type=\"section\">\n\t\t\t\t\t\t<div class=\"elementor-container elementor-column-gap-default\">\n\t\t\t\t\t<div class=\"elementor-column elementor-col-100 elementor-top-column elementor-element elementor-element-67308ac\" data-id=\"67308ac\" data-element_type=\"column\" data-e-type=\"column\">\n\t\t\t<div class=\"elementor-widget-wrap elementor-element-populated\">\n\t\t\t\t\t\t<div class=\"elementor-element elementor-element-5b2a22ab elementor-widget elementor-widget-image\" data-id=\"5b2a22ab\" data-element_type=\"widget\" data-e-type=\"widget\" data-no-translation=\"\" data-widget_type=\"image.default\">\n\t\t\t\t<div class=\"elementor-widget-container\">\n\t\t\t\t\t<style>.elementor-element-5b2a22ab{display:none !important}<\/style>\t\t\t\t<\/div>\n\t\t\t\t<\/div>\n\t\t\t\t\t<\/div>\n\t\t<\/div>\n\t\t\t\t\t<\/div>\n\t\t<\/section>\n\t\t\t\t<section data-particle_enable=\"false\" data-particle-mobile-disabled=\"false\" class=\"elementor-section elementor-top-section elementor-element elementor-element-b535a78 elementor-section-boxed elementor-section-height-default elementor-section-height-default\" data-id=\"b535a78\" data-element_type=\"section\" data-e-type=\"section\">\n\t\t\t\t\t\t<div class=\"elementor-container elementor-column-gap-default\">\n\t\t\t\t\t<div class=\"elementor-column elementor-col-100 elementor-top-column elementor-element elementor-element-1fe38d6\" data-id=\"1fe38d6\" data-element_type=\"column\" data-e-type=\"column\">\n\t\t\t<div class=\"elementor-widget-wrap elementor-element-populated\">\n\t\t\t\t\t\t<div class=\"elementor-element elementor-element-b30faee elementor-widget elementor-widget-image\" data-id=\"b30faee\" data-element_type=\"widget\" data-e-type=\"widget\" data-no-translation=\"\" data-widget_type=\"image.default\">\n\t\t\t\t<div class=\"elementor-widget-container\">\n\t\t\t\t\t\t\t\t\t\t\t\t\t\t\t<img fetchpriority=\"high\" decoding=\"async\" width=\"1600\" height=\"600\" src=\"https:\/\/eriecohealthohio.com\/wp-content\/uploads\/2024\/08\/Community-Services-Banner-Spanish.png\" class=\"attachment-full size-full wp-image-19164\" alt=\"Community Services Banner Spanish\" srcset=\"https:\/\/eriecohealthohio.com\/wp-content\/uploads\/2024\/08\/Community-Services-Banner-Spanish.png 1600w, https:\/\/eriecohealthohio.com\/wp-content\/uploads\/2024\/08\/Community-Services-Banner-Spanish-300x113.png 300w, https:\/\/eriecohealthohio.com\/wp-content\/uploads\/2024\/08\/Community-Services-Banner-Spanish-1024x384.png 1024w, https:\/\/eriecohealthohio.com\/wp-content\/uploads\/2024\/08\/Community-Services-Banner-Spanish-768x288.png 768w, https:\/\/eriecohealthohio.com\/wp-content\/uploads\/2024\/08\/Community-Services-Banner-Spanish-1536x576.png 1536w, https:\/\/eriecohealthohio.com\/wp-content\/uploads\/2024\/08\/Community-Services-Banner-Spanish-18x7.png 18w\" sizes=\"(max-width: 1600px) 100vw, 1600px\" \/>\t\t\t\t\t\t\t\t\t\t\t\t\t\t\t<\/div>\n\t\t\t\t<\/div>\n\t\t\t\t\t<\/div>\n\t\t<\/div>\n\t\t\t\t\t<\/div>\n\t\t<\/section>\n\t\t\t\t<section data-particle_enable=\"false\" data-particle-mobile-disabled=\"false\" class=\"elementor-section elementor-top-section elementor-element elementor-element-71a8fd38 elementor-section-boxed elementor-section-height-default elementor-section-height-default\" data-id=\"71a8fd38\" data-element_type=\"section\" data-e-type=\"section\">\n\t\t\t\t\t\t<div class=\"elementor-container elementor-column-gap-default\">\n\t\t\t\t\t<div class=\"elementor-column elementor-col-100 elementor-top-column elementor-element elementor-element-329db2a2\" data-id=\"329db2a2\" data-element_type=\"column\" data-e-type=\"column\">\n\t\t\t<div class=\"elementor-widget-wrap elementor-element-populated\">\n\t\t\t\t\t\t<div class=\"elementor-element elementor-element-18f01743 elementor-widget elementor-widget-text-editor\" data-id=\"18f01743\" data-element_type=\"widget\" data-e-type=\"widget\" data-widget_type=\"text-editor.default\">\n\t\t\t\t<div class=\"elementor-widget-container\">\n\t\t\t\t\t\t\t\t\t<h4>COALICI\u00d3N DE BROTES SANOS<\/h4><p><img decoding=\"async\" class=\"alignright wp-image-10622 size-medium\" src=\"https:\/\/eriecohealthohio.com\/wp-content\/uploads\/2022\/11\/Healthy-Sprouts-300x300.jpg\" alt=\"Foto de Healthy Sprouts\" width=\"300\" height=\"300\" srcset=\"https:\/\/eriecohealthohio.com\/wp-content\/uploads\/2022\/11\/Healthy-Sprouts-300x300.jpg 300w, https:\/\/eriecohealthohio.com\/wp-content\/uploads\/2022\/11\/Healthy-Sprouts-150x150.jpg 150w, https:\/\/eriecohealthohio.com\/wp-content\/uploads\/2022\/11\/Healthy-Sprouts.jpg 500w\" sizes=\"(max-width: 300px) 100vw, 300px\" \/>Mejorar el bienestar de madres, beb\u00e9s y ni\u00f1os es un importante objetivo de salud p\u00fablica. Healthy Sprouts es un esfuerzo comunitario para eliminar las disparidades sanitarias, mejorar los resultados de los partos y mejorar la salud de las mujeres, los beb\u00e9s y los ni\u00f1os del condado de Erie.<\/p><p>La misi\u00f3n de la Coalici\u00f3n Healthy Sprouts es reducir la mortalidad infantil mejorando la accesibilidad y la calidad de los servicios sanitarios para mujeres, beb\u00e9s y ni\u00f1os en el condado de Erie.<\/p><p>La Coalici\u00f3n Healthy Sprouts es un grupo de organizaciones comunitarias que trabajan juntas para mejorar la salud de nuestros ni\u00f1os. A trav\u00e9s de la colaboraci\u00f3n para proporcionar educaci\u00f3n a las nuevas y futuras madres y familias, la mejora del acceso a la asistencia sanitaria, y los suministros necesarios para beb\u00e9s y ni\u00f1os. Los miembros anteriores de la Coalici\u00f3n Healthy Sprouts han incluido Erie County Health Department\/Erie County Community Health Center, La Leche League, Firelands School of Nursing, Erie County CASA, The Road to Hope, Firelands Lactation Services\/FABA, The LCADA Way, y Firelands Counseling and Recovery Services.<\/p>\t\t\t\t\t\t\t\t<\/div>\n\t\t\t\t<\/div>\n\t\t\t\t\t<\/div>\n\t\t<\/div>\n\t\t\t\t\t<\/div>\n\t\t<\/section>\n\t\t\t\t<\/div>","protected":false},"excerpt":{"rendered":"<p>HEALTHY SPROUTS COALITION Improving the well-being of mothers, infants, and children is an important public health goal. Healthy Sprouts is a community effort to eliminate health disparities, improve birth outcomes, and improve the health of women, infants, and children in Erie County. It is the mission of the Healthy Sprouts Coalition to decrease infant mortality [&hellip;]<\/p>\n","protected":false},"author":1,"featured_media":0,"parent":10346,"menu_order":0,"comment_status":"closed","ping_status":"closed","template":"","meta":{"footnotes":"","_links_to":"","_links_to_target":""},"class_list":["post-10500","page","type-page","status-publish","hentry"],"_links":{"self":[{"href":"https:\/\/eriecohealthohio.com\/es\/wp-json\/wp\/v2\/pages\/10500","targetHints":{"allow":["GET"]}}],"collection":[{"href":"https:\/\/eriecohealthohio.com\/es\/wp-json\/wp\/v2\/pages"}],"about":[{"href":"https:\/\/eriecohealthohio.com\/es\/wp-json\/wp\/v2\/types\/page"}],"author":[{"embeddable":true,"href":"https:\/\/eriecohealthohio.com\/es\/wp-json\/wp\/v2\/users\/1"}],"replies":[{"embeddable":true,"href":"https:\/\/eriecohealthohio.com\/es\/wp-json\/wp\/v2\/comments?post=10500"}],"version-history":[{"count":0,"href":"https:\/\/eriecohealthohio.com\/es\/wp-json\/wp\/v2\/pages\/10500\/revisions"}],"up":[{"embeddable":true,"href":"https:\/\/eriecohealthohio.com\/es\/wp-json\/wp\/v2\/pages\/10346"}],"wp:attachment":[{"href":"https:\/\/eriecohealthohio.com\/es\/wp-json\/wp\/v2\/media?parent=10500"}],"curies":[{"name":"wp","href":"https:\/\/api.w.org\/{rel}","templated":true}]}}