{"id":10494,"date":"2022-11-23T12:15:42","date_gmt":"2022-11-23T12:15:42","guid":{"rendered":"https:\/\/eriecohealthohio.com\/?page_id=10494"},"modified":"2024-12-18T11:47:49","modified_gmt":"2024-12-18T15:47:49","slug":"comunidades-seguras","status":"publish","type":"page","link":"https:\/\/eriecohealthohio.com\/es\/community-coalitions\/safe-communities\/","title":{"rendered":"COMUNIDADES SEGURAS"},"content":{"rendered":"<div data-elementor-type=\"wp-page\" data-elementor-id=\"10494\" class=\"elementor elementor-10494\" data-elementor-post-type=\"page\">\n\t\t\t\t\t\t<section data-particle_enable=\"false\" data-particle-mobile-disabled=\"false\" class=\"elementor-section elementor-top-section elementor-element elementor-element-5f5a5bbd elementor-section-boxed elementor-section-height-default elementor-section-height-default\" data-id=\"5f5a5bbd\" data-element_type=\"section\" data-e-type=\"section\">\n\t\t\t\t\t\t<div class=\"elementor-container elementor-column-gap-default\">\n\t\t\t\t\t<div class=\"elementor-column elementor-col-100 elementor-top-column elementor-element elementor-element-88ba0c7\" data-id=\"88ba0c7\" data-element_type=\"column\" data-e-type=\"column\">\n\t\t\t<div class=\"elementor-widget-wrap elementor-element-populated\">\n\t\t\t\t\t\t<div class=\"elementor-element elementor-element-73010797 elementor-widget elementor-widget-image\" data-id=\"73010797\" data-element_type=\"widget\" data-e-type=\"widget\" data-widget_type=\"image.default\">\n\t\t\t\t<div class=\"elementor-widget-container\">\n\t\t\t\t\t\t\t\t\t\t\t\t\t\t\t\t<a href=\"https:\/\/eriecohealthohio.com\/es\/coaliciones-comunitarias\/\">\n\t\t\t\t\t\t\t<img fetchpriority=\"high\" decoding=\"async\" width=\"1600\" height=\"600\" src=\"https:\/\/eriecohealthohio.com\/wp-content\/uploads\/2024\/08\/Community-Services-Banner-English.png\" class=\"attachment-full size-full wp-image-19160\" alt=\"Servicios comunitarios Banner Espa\u00f1ol\" srcset=\"https:\/\/eriecohealthohio.com\/wp-content\/uploads\/2024\/08\/Community-Services-Banner-English.png 1600w, https:\/\/eriecohealthohio.com\/wp-content\/uploads\/2024\/08\/Community-Services-Banner-English-300x113.png 300w, https:\/\/eriecohealthohio.com\/wp-content\/uploads\/2024\/08\/Community-Services-Banner-English-1024x384.png 1024w, https:\/\/eriecohealthohio.com\/wp-content\/uploads\/2024\/08\/Community-Services-Banner-English-768x288.png 768w, https:\/\/eriecohealthohio.com\/wp-content\/uploads\/2024\/08\/Community-Services-Banner-English-1536x576.png 1536w, https:\/\/eriecohealthohio.com\/wp-content\/uploads\/2024\/08\/Community-Services-Banner-English-18x7.png 18w\" sizes=\"(max-width: 1600px) 100vw, 1600px\" \/>\t\t\t\t\t\t\t\t<\/a>\n\t\t\t\t\t\t\t\t\t\t\t\t\t\t\t<\/div>\n\t\t\t\t<\/div>\n\t\t\t\t\t<\/div>\n\t\t<\/div>\n\t\t\t\t\t<\/div>\n\t\t<\/section>\n\t\t\t\t<section data-particle_enable=\"false\" data-particle-mobile-disabled=\"false\" class=\"elementor-section elementor-top-section elementor-element elementor-element-56827d4f elementor-section-boxed elementor-section-height-default elementor-section-height-default\" data-id=\"56827d4f\" data-element_type=\"section\" data-e-type=\"section\">\n\t\t\t\t\t\t<div class=\"elementor-container elementor-column-gap-default\">\n\t\t\t\t\t<div class=\"elementor-column elementor-col-100 elementor-top-column elementor-element elementor-element-5c659cba\" data-id=\"5c659cba\" data-element_type=\"column\" data-e-type=\"column\">\n\t\t\t<div class=\"elementor-widget-wrap elementor-element-populated\">\n\t\t\t\t\t\t<div class=\"elementor-element elementor-element-51ca4558 elementor-widget elementor-widget-text-editor\" data-id=\"51ca4558\" data-element_type=\"widget\" data-e-type=\"widget\" data-widget_type=\"text-editor.default\">\n\t\t\t\t<div class=\"elementor-widget-container\">\n\t\t\t\t\t\t\t\t\t<h4>COMUNIDADES SEGURAS<\/h4><p><img decoding=\"async\" class=\"alignright wp-image-19190 size-medium\" src=\"https:\/\/eriecohealthohio.com\/wp-content\/uploads\/2024\/08\/stopsign-300x300.jpg\" alt=\"imagen de se\u00f1al de stop\" width=\"300\" height=\"300\" srcset=\"https:\/\/eriecohealthohio.com\/wp-content\/uploads\/2024\/08\/stopsign-300x300.jpg 300w, https:\/\/eriecohealthohio.com\/wp-content\/uploads\/2024\/08\/stopsign-150x150.jpg 150w, https:\/\/eriecohealthohio.com\/wp-content\/uploads\/2024\/08\/stopsign-768x768.jpg 768w, https:\/\/eriecohealthohio.com\/wp-content\/uploads\/2024\/08\/stopsign-12x12.jpg 12w, https:\/\/eriecohealthohio.com\/wp-content\/uploads\/2024\/08\/stopsign.jpg 1000w\" sizes=\"(max-width: 300px) 100vw, 300px\" \/><\/p><p>El objetivo de la Coalici\u00f3n por unas Comunidades Seguras es reducir las lesiones y muertes por accidente en las carreteras del condado de Erie. Para ello, trabajamos en colaboraci\u00f3n con organizaciones y agencias comunitarias en materia de educaci\u00f3n para la seguridad vial.<\/p><p>Nuestra misi\u00f3n es:<\/p><ul><li>Aumentar el uso del cintur\u00f3n de seguridad y la concienciaci\u00f3n al respecto.<\/li><li>Disminuir la conducci\u00f3n bajo los efectos del alcohol.<\/li><li>Proporcionar recursos y formaci\u00f3n sobre pr\u00e1cticas seguras de conducci\u00f3n y uso de motocicletas.<\/li><li>Aumentar la concienciaci\u00f3n sobre la seguridad vial mediante intervenciones, campa\u00f1as, actos y redes sociales.<\/li><\/ul><p>Si desea m\u00e1s informaci\u00f3n sobre la Coalici\u00f3n por unas Comunidades Seguras, p\u00f3ngase en contacto con<\/p><p><strong>Eliot Dyer<\/strong><br \/><strong>Educador en salud p\u00fablica<\/strong><br \/><strong>Departamento de Salud del Condado de Erie<\/strong><br \/><strong>419-626-5623, Ext. 5175<\/strong><br \/><a href=\"mailto:Edyer@echdohio.org\">Edyer@echdohio.org<\/a><\/p>\t\t\t\t\t\t\t\t<\/div>\n\t\t\t\t<\/div>\n\t\t\t\t\t<\/div>\n\t\t<\/div>\n\t\t\t\t\t<\/div>\n\t\t<\/section>\n\t\t\t\t<\/div>","protected":false},"excerpt":{"rendered":"<p>SAFE COMMUNITIES The focus of the Safe Communities Coalition is to reduce accident injuries and fatalities on Erie County\u2019s roads. To do this, we work in partnership with community organizations and agencies on traffic safety education. Our mission is to: Increase seat belt use and awareness. Decrease impaired driving. Provide resources and education on safe [&hellip;]<\/p>\n","protected":false},"author":1,"featured_media":0,"parent":10346,"menu_order":0,"comment_status":"closed","ping_status":"closed","template":"","meta":{"footnotes":"","_links_to":"","_links_to_target":""},"class_list":["post-10494","page","type-page","status-publish","hentry"],"_links":{"self":[{"href":"https:\/\/eriecohealthohio.com\/es\/wp-json\/wp\/v2\/pages\/10494","targetHints":{"allow":["GET"]}}],"collection":[{"href":"https:\/\/eriecohealthohio.com\/es\/wp-json\/wp\/v2\/pages"}],"about":[{"href":"https:\/\/eriecohealthohio.com\/es\/wp-json\/wp\/v2\/types\/page"}],"author":[{"embeddable":true,"href":"https:\/\/eriecohealthohio.com\/es\/wp-json\/wp\/v2\/users\/1"}],"replies":[{"embeddable":true,"href":"https:\/\/eriecohealthohio.com\/es\/wp-json\/wp\/v2\/comments?post=10494"}],"version-history":[{"count":0,"href":"https:\/\/eriecohealthohio.com\/es\/wp-json\/wp\/v2\/pages\/10494\/revisions"}],"up":[{"embeddable":true,"href":"https:\/\/eriecohealthohio.com\/es\/wp-json\/wp\/v2\/pages\/10346"}],"wp:attachment":[{"href":"https:\/\/eriecohealthohio.com\/es\/wp-json\/wp\/v2\/media?parent=10494"}],"curies":[{"name":"wp","href":"https:\/\/api.w.org\/{rel}","templated":true}]}}