{"id":10492,"date":"2022-11-23T12:15:15","date_gmt":"2022-11-23T12:15:15","guid":{"rendered":"https:\/\/eriecohealthohio.com\/?page_id=10492"},"modified":"2024-12-18T11:46:53","modified_gmt":"2024-12-18T15:46:53","slug":"coalicion-de-accion-antitabaco","status":"publish","type":"page","link":"https:\/\/eriecohealthohio.com\/es\/community-coalitions\/tobacco-action-coalition\/","title":{"rendered":"COALICI\u00d3N DE ACCI\u00d3N ANTITABACO"},"content":{"rendered":"<div data-elementor-type=\"wp-page\" data-elementor-id=\"10492\" class=\"elementor elementor-10492\" data-elementor-post-type=\"page\">\n\t\t\t\t\t\t<section data-particle_enable=\"false\" data-particle-mobile-disabled=\"false\" class=\"elementor-section elementor-top-section elementor-element elementor-element-3127fd0d elementor-section-boxed elementor-section-height-default elementor-section-height-default\" data-id=\"3127fd0d\" data-element_type=\"section\" data-e-type=\"section\">\n\t\t\t\t\t\t<div class=\"elementor-container elementor-column-gap-default\">\n\t\t\t\t\t<div class=\"elementor-column elementor-col-100 elementor-top-column elementor-element elementor-element-6b6ce650\" data-id=\"6b6ce650\" data-element_type=\"column\" data-e-type=\"column\">\n\t\t\t<div class=\"elementor-widget-wrap elementor-element-populated\">\n\t\t\t\t\t\t<div class=\"elementor-element elementor-element-3cd4bbd8 elementor-widget elementor-widget-image\" data-id=\"3cd4bbd8\" data-element_type=\"widget\" data-e-type=\"widget\" data-widget_type=\"image.default\">\n\t\t\t\t<div class=\"elementor-widget-container\">\n\t\t\t\t\t\t\t\t\t\t\t\t\t\t\t\t<a href=\"https:\/\/eriecohealthohio.com\/es\/coaliciones-comunitarias\/\">\n\t\t\t\t\t\t\t<img fetchpriority=\"high\" decoding=\"async\" width=\"1600\" height=\"600\" src=\"https:\/\/eriecohealthohio.com\/wp-content\/uploads\/2024\/08\/Community-Services-Banner-English.png\" class=\"attachment-full size-full wp-image-19160\" alt=\"Servicios comunitarios Banner Espa\u00f1ol\" srcset=\"https:\/\/eriecohealthohio.com\/wp-content\/uploads\/2024\/08\/Community-Services-Banner-English.png 1600w, https:\/\/eriecohealthohio.com\/wp-content\/uploads\/2024\/08\/Community-Services-Banner-English-300x113.png 300w, https:\/\/eriecohealthohio.com\/wp-content\/uploads\/2024\/08\/Community-Services-Banner-English-1024x384.png 1024w, https:\/\/eriecohealthohio.com\/wp-content\/uploads\/2024\/08\/Community-Services-Banner-English-768x288.png 768w, https:\/\/eriecohealthohio.com\/wp-content\/uploads\/2024\/08\/Community-Services-Banner-English-1536x576.png 1536w, https:\/\/eriecohealthohio.com\/wp-content\/uploads\/2024\/08\/Community-Services-Banner-English-18x7.png 18w\" sizes=\"(max-width: 1600px) 100vw, 1600px\" \/>\t\t\t\t\t\t\t\t<\/a>\n\t\t\t\t\t\t\t\t\t\t\t\t\t\t\t<\/div>\n\t\t\t\t<\/div>\n\t\t\t\t\t<\/div>\n\t\t<\/div>\n\t\t\t\t\t<\/div>\n\t\t<\/section>\n\t\t\t\t<section data-particle_enable=\"false\" data-particle-mobile-disabled=\"false\" class=\"elementor-section elementor-top-section elementor-element elementor-element-1dcaf0f1 elementor-section-boxed elementor-section-height-default elementor-section-height-default\" data-id=\"1dcaf0f1\" data-element_type=\"section\" data-e-type=\"section\">\n\t\t\t\t\t\t<div class=\"elementor-container elementor-column-gap-default\">\n\t\t\t\t\t<div class=\"elementor-column elementor-col-100 elementor-top-column elementor-element elementor-element-66badb97\" data-id=\"66badb97\" data-element_type=\"column\" data-e-type=\"column\">\n\t\t\t<div class=\"elementor-widget-wrap elementor-element-populated\">\n\t\t\t\t\t\t<div class=\"elementor-element elementor-element-fb6ba8c elementor-widget elementor-widget-text-editor\" data-id=\"fb6ba8c\" data-element_type=\"widget\" data-e-type=\"widget\" data-widget_type=\"text-editor.default\">\n\t\t\t\t<div class=\"elementor-widget-container\">\n\t\t\t\t\t\t\t\t\t<h4>COALICI\u00d3N DE ACCI\u00d3N ANTITABACO<\/h4><p><img decoding=\"async\" class=\"alignright wp-image-10633 size-medium\" src=\"https:\/\/eriecohealthohio.com\/wp-content\/uploads\/2022\/11\/Tobacco-Action-2-300x300.jpg\" alt=\"Foto Acci\u00f3n Tabaco\" width=\"300\" height=\"300\" srcset=\"https:\/\/eriecohealthohio.com\/wp-content\/uploads\/2022\/11\/Tobacco-Action-2-300x300.jpg 300w, https:\/\/eriecohealthohio.com\/wp-content\/uploads\/2022\/11\/Tobacco-Action-2-150x150.jpg 150w, https:\/\/eriecohealthohio.com\/wp-content\/uploads\/2022\/11\/Tobacco-Action-2.jpg 500w\" sizes=\"(max-width: 300px) 100vw, 300px\" \/>La Coalici\u00f3n de Acci\u00f3n Antitabaco trabaja en colaboraci\u00f3n con el Coordinador del Programa Antitabaco del Departamento de Salud del Condado de Erie y las partes interesadas de todo el Condado de Erie. El objetivo del grupo es identificar las disparidades que surgen dentro del condado y c\u00f3mo nosotros, como profesionales, podemos ayudar a mitigarlas. El TAC busca aumentar los esfuerzos para dejar de fumar y disminuir la iniciaci\u00f3n en todo el condado, a trav\u00e9s de la colaboraci\u00f3n con nuestros grupos de inter\u00e9s.<\/p><p>Entre las organizaciones asociadas se encuentran el Departamento de Salud del Condado de Erie\/Centro de Salud Comunitaria del Condado de Erie, la Iglesia Episcopal Grace, Firelands Health, Sandusky City Schools, The Ohio State University, BGSU Firelands, Sandusky Artisans Regional Recovery Community Center y el Consorcio de Recuperaci\u00f3n Regional.<\/p><p>Si desea m\u00e1s informaci\u00f3n sobre la Coalici\u00f3n para la Acci\u00f3n Antitabaco, p\u00f3ngase en contacto con:<\/p><p><strong>Eliot Dyer<\/strong><br \/><strong>Educador en salud p\u00fablica<\/strong><br \/><strong>Departamento de Salud del Condado de Erie<\/strong><br \/><strong>419-626-5623, Ext. 5175<\/strong><br \/><a href=\"mailto:Edyer@echdohio.org\">Edyer@echdohio.org<\/a><\/p>\t\t\t\t\t\t\t\t<\/div>\n\t\t\t\t<\/div>\n\t\t\t\t\t<\/div>\n\t\t<\/div>\n\t\t\t\t\t<\/div>\n\t\t<\/section>\n\t\t\t\t<\/div>","protected":false},"excerpt":{"rendered":"<p>TOBACCO ACTION COALITION The Tobacco Action Coalition serves as a working partnership with the Erie County Health Department\u2019s Tobacco Program Coordinator and stakeholders throughout Erie County. The goal of the group is to identify disparities that arise within the county and how we as professional can help mitigate them. The TAC looks to increase cessation [&hellip;]<\/p>\n","protected":false},"author":1,"featured_media":0,"parent":10346,"menu_order":0,"comment_status":"closed","ping_status":"closed","template":"","meta":{"footnotes":"","_links_to":"","_links_to_target":""},"class_list":["post-10492","page","type-page","status-publish","hentry"],"_links":{"self":[{"href":"https:\/\/eriecohealthohio.com\/es\/wp-json\/wp\/v2\/pages\/10492","targetHints":{"allow":["GET"]}}],"collection":[{"href":"https:\/\/eriecohealthohio.com\/es\/wp-json\/wp\/v2\/pages"}],"about":[{"href":"https:\/\/eriecohealthohio.com\/es\/wp-json\/wp\/v2\/types\/page"}],"author":[{"embeddable":true,"href":"https:\/\/eriecohealthohio.com\/es\/wp-json\/wp\/v2\/users\/1"}],"replies":[{"embeddable":true,"href":"https:\/\/eriecohealthohio.com\/es\/wp-json\/wp\/v2\/comments?post=10492"}],"version-history":[{"count":0,"href":"https:\/\/eriecohealthohio.com\/es\/wp-json\/wp\/v2\/pages\/10492\/revisions"}],"up":[{"embeddable":true,"href":"https:\/\/eriecohealthohio.com\/es\/wp-json\/wp\/v2\/pages\/10346"}],"wp:attachment":[{"href":"https:\/\/eriecohealthohio.com\/es\/wp-json\/wp\/v2\/media?parent=10492"}],"curies":[{"name":"wp","href":"https:\/\/api.w.org\/{rel}","templated":true}]}}