{"id":10488,"date":"2022-11-23T12:14:22","date_gmt":"2022-11-23T12:14:22","guid":{"rendered":"https:\/\/eriecohealthohio.com\/?page_id=10488"},"modified":"2024-08-13T14:19:11","modified_gmt":"2024-08-13T18:19:11","slug":"junta-de-revision-de-muertes-por-sobredosis","status":"publish","type":"page","link":"https:\/\/eriecohealthohio.com\/es\/community-coalitions\/overdose-fatality-review-board\/","title":{"rendered":"JUNTA DE REVISI\u00d3N DE MUERTES POR SOBREDOSIS"},"content":{"rendered":"<div data-elementor-type=\"wp-page\" data-elementor-id=\"10488\" class=\"elementor elementor-10488\" data-elementor-post-type=\"page\">\n\t\t\t\t\t\t<section data-particle_enable=\"false\" data-particle-mobile-disabled=\"false\" class=\"elementor-section elementor-top-section elementor-element elementor-element-2ebf68e4 elementor-section-boxed elementor-section-height-default elementor-section-height-default\" data-id=\"2ebf68e4\" data-element_type=\"section\" data-e-type=\"section\">\n\t\t\t\t\t\t<div class=\"elementor-container elementor-column-gap-default\">\n\t\t\t\t\t<div class=\"elementor-column elementor-col-100 elementor-top-column elementor-element elementor-element-1c02f4b9\" data-id=\"1c02f4b9\" data-element_type=\"column\" data-e-type=\"column\">\n\t\t\t<div class=\"elementor-widget-wrap elementor-element-populated\">\n\t\t\t\t\t\t<div class=\"elementor-element elementor-element-50f7fb10 elementor-widget elementor-widget-image\" data-id=\"50f7fb10\" data-element_type=\"widget\" data-e-type=\"widget\" data-no-translation=\"\" data-widget_type=\"image.default\">\n\t\t\t\t<div class=\"elementor-widget-container\">\n\t\t\t\t\t<style>.elementor-element-50f7fb10{display:none !important}<\/style>\t\t\t\t<\/div>\n\t\t\t\t<\/div>\n\t\t\t\t\t<\/div>\n\t\t<\/div>\n\t\t\t\t\t<\/div>\n\t\t<\/section>\n\t\t\t\t<section data-particle_enable=\"false\" data-particle-mobile-disabled=\"false\" class=\"elementor-section elementor-top-section elementor-element elementor-element-84e2329 elementor-section-boxed elementor-section-height-default elementor-section-height-default\" data-id=\"84e2329\" data-element_type=\"section\" data-e-type=\"section\">\n\t\t\t\t\t\t<div class=\"elementor-container elementor-column-gap-default\">\n\t\t\t\t\t<div class=\"elementor-column elementor-col-100 elementor-top-column elementor-element elementor-element-f9bb47e\" data-id=\"f9bb47e\" data-element_type=\"column\" data-e-type=\"column\">\n\t\t\t<div class=\"elementor-widget-wrap elementor-element-populated\">\n\t\t\t\t\t\t<div class=\"elementor-element elementor-element-b89a31f elementor-widget elementor-widget-image\" data-id=\"b89a31f\" data-element_type=\"widget\" data-e-type=\"widget\" data-no-translation=\"\" data-widget_type=\"image.default\">\n\t\t\t\t<div class=\"elementor-widget-container\">\n\t\t\t\t\t\t\t\t\t\t\t\t\t\t\t<img fetchpriority=\"high\" decoding=\"async\" width=\"1600\" height=\"600\" src=\"https:\/\/eriecohealthohio.com\/wp-content\/uploads\/2024\/08\/Community-Services-Banner-Spanish.png\" class=\"attachment-full size-full wp-image-19164\" alt=\"Community Services Banner Spanish\" srcset=\"https:\/\/eriecohealthohio.com\/wp-content\/uploads\/2024\/08\/Community-Services-Banner-Spanish.png 1600w, https:\/\/eriecohealthohio.com\/wp-content\/uploads\/2024\/08\/Community-Services-Banner-Spanish-300x113.png 300w, https:\/\/eriecohealthohio.com\/wp-content\/uploads\/2024\/08\/Community-Services-Banner-Spanish-1024x384.png 1024w, https:\/\/eriecohealthohio.com\/wp-content\/uploads\/2024\/08\/Community-Services-Banner-Spanish-768x288.png 768w, https:\/\/eriecohealthohio.com\/wp-content\/uploads\/2024\/08\/Community-Services-Banner-Spanish-1536x576.png 1536w, https:\/\/eriecohealthohio.com\/wp-content\/uploads\/2024\/08\/Community-Services-Banner-Spanish-18x7.png 18w\" sizes=\"(max-width: 1600px) 100vw, 1600px\" \/>\t\t\t\t\t\t\t\t\t\t\t\t\t\t\t<\/div>\n\t\t\t\t<\/div>\n\t\t\t\t\t<\/div>\n\t\t<\/div>\n\t\t\t\t\t<\/div>\n\t\t<\/section>\n\t\t\t\t<section data-particle_enable=\"false\" data-particle-mobile-disabled=\"false\" class=\"elementor-section elementor-top-section elementor-element elementor-element-1c8f66d elementor-section-boxed elementor-section-height-default elementor-section-height-default\" data-id=\"1c8f66d\" data-element_type=\"section\" data-e-type=\"section\">\n\t\t\t\t\t\t<div class=\"elementor-container elementor-column-gap-default\">\n\t\t\t\t\t<div class=\"elementor-column elementor-col-100 elementor-top-column elementor-element elementor-element-37f526b\" data-id=\"37f526b\" data-element_type=\"column\" data-e-type=\"column\">\n\t\t\t<div class=\"elementor-widget-wrap elementor-element-populated\">\n\t\t\t\t\t\t<div class=\"elementor-element elementor-element-899cc59 elementor-widget elementor-widget-text-editor\" data-id=\"899cc59\" data-element_type=\"widget\" data-e-type=\"widget\" data-widget_type=\"text-editor.default\">\n\t\t\t\t<div class=\"elementor-widget-container\">\n\t\t\t\t\t\t\t\t\t<h4>JUNTA DE REVISI\u00d3N DE MUERTES POR SOBREDOSIS<\/h4><p><img decoding=\"async\" class=\"wp-image-19183 size-medium alignright\" src=\"https:\/\/eriecohealthohio.com\/wp-content\/uploads\/2024\/08\/pills-300x300.jpg\" alt=\"pastillas imagen\" width=\"300\" height=\"300\" srcset=\"https:\/\/eriecohealthohio.com\/wp-content\/uploads\/2024\/08\/pills-300x300.jpg 300w, https:\/\/eriecohealthohio.com\/wp-content\/uploads\/2024\/08\/pills-150x150.jpg 150w, https:\/\/eriecohealthohio.com\/wp-content\/uploads\/2024\/08\/pills-768x768.jpg 768w, https:\/\/eriecohealthohio.com\/wp-content\/uploads\/2024\/08\/pills-12x12.jpg 12w, https:\/\/eriecohealthohio.com\/wp-content\/uploads\/2024\/08\/pills.jpg 1000w\" sizes=\"(max-width: 300px) 100vw, 300px\" \/>Una junta de revisi\u00f3n de muertes por sobredosis es un grupo de colaboraci\u00f3n dedicado a comprender y prevenir las sobredosis mortales de drogas. Mediante el an\u00e1lisis de datos y la identificaci\u00f3n de tendencias, estas juntas desarrollan estrategias para hacer frente a la crisis y salvar vidas. La Junta de Revisi\u00f3n de Muertes por Sobredosis del condado de Erie re\u00fane a un equipo diverso para abordar este problema en la comunidad.<\/p><p>Si desea m\u00e1s informaci\u00f3n sobre la Junta de Revisi\u00f3n de Muertes por Sobredosis, p\u00f3ngase en contacto con<\/p><p><strong>Sherry Sexton<\/strong><br \/><strong>Educador en salud p\u00fablica<\/strong><br \/><strong>Departamento de Salud del Condado de Erie<\/strong><br \/><a href=\"mailto:ssexton@echdohio.org\"><strong>ssexton@echdohio.org<\/strong><\/a><br \/><strong>(419) 626-5623 Ext. 5109<\/strong><\/p>\t\t\t\t\t\t\t\t<\/div>\n\t\t\t\t<\/div>\n\t\t\t\t\t<\/div>\n\t\t<\/div>\n\t\t\t\t\t<\/div>\n\t\t<\/section>\n\t\t\t\t<\/div>","protected":false},"excerpt":{"rendered":"<p>OVERDOSE FATALITY REVIEW BOARD An Overdose Fatality Review Board is a collaborative group dedicated to understanding and preventing fatal drug overdoses. By analyzing data and identifying trends, these boards develop strategies to address the crisis and save lives. The Erie County Overdose Fatality Review brings together a diverse team to tackle this issue within the [&hellip;]<\/p>\n","protected":false},"author":1,"featured_media":0,"parent":10346,"menu_order":0,"comment_status":"closed","ping_status":"closed","template":"","meta":{"footnotes":"","_links_to":"","_links_to_target":""},"class_list":["post-10488","page","type-page","status-publish","hentry"],"_links":{"self":[{"href":"https:\/\/eriecohealthohio.com\/es\/wp-json\/wp\/v2\/pages\/10488","targetHints":{"allow":["GET"]}}],"collection":[{"href":"https:\/\/eriecohealthohio.com\/es\/wp-json\/wp\/v2\/pages"}],"about":[{"href":"https:\/\/eriecohealthohio.com\/es\/wp-json\/wp\/v2\/types\/page"}],"author":[{"embeddable":true,"href":"https:\/\/eriecohealthohio.com\/es\/wp-json\/wp\/v2\/users\/1"}],"replies":[{"embeddable":true,"href":"https:\/\/eriecohealthohio.com\/es\/wp-json\/wp\/v2\/comments?post=10488"}],"version-history":[{"count":0,"href":"https:\/\/eriecohealthohio.com\/es\/wp-json\/wp\/v2\/pages\/10488\/revisions"}],"up":[{"embeddable":true,"href":"https:\/\/eriecohealthohio.com\/es\/wp-json\/wp\/v2\/pages\/10346"}],"wp:attachment":[{"href":"https:\/\/eriecohealthohio.com\/es\/wp-json\/wp\/v2\/media?parent=10488"}],"curies":[{"name":"wp","href":"https:\/\/api.w.org\/{rel}","templated":true}]}}